{"id":811,"date":"2020-04-17T01:11:48","date_gmt":"2020-04-17T04:11:48","guid":{"rendered":"https:\/\/cifma-cha.infd.edu.ar\/sitio\/?page_id=811"},"modified":"2023-06-29T16:01:31","modified_gmt":"2023-06-29T19:01:31","slug":"becas-progresar-2020","status":"publish","type":"page","link":"https:\/\/cifma-cha.infd.edu.ar\/sitio\/becas-progresar-2020\/","title":{"rendered":"BECAS PROGRESAR 2023"},"content":{"rendered":"<p><img decoding=\"async\" loading=\"lazy\" class=\"size-full wp-image-812 aligncenter\" src=\"https:\/\/cifma-cha.infd.edu.ar\/sitio\/wp-content\/uploads\/2020\/04\/logo-progresarrrr.png\" alt=\"\" width=\"512\" height=\"384\"><\/p>\n<p style=\"text-align: center;\"><strong>PR\u00d3RROGA DE INSCRIPCI\u00d3N HASTA EL 30 DE ABRIL<\/strong><\/p>\n<p>La inscripci\u00f3n es a trav\u00e9s de la p\u00e1gina: <a href=\"http:\/\/www.becasprogresar.educacion.gob.ar\">www.becasprogresar.educacion.gob.ar <\/a><\/p>\n<p>Ingresando con su usuario y contrase\u00f1a.<\/p>\n<p>Consta de 3 pasos:<\/p>\n<p>1) Carga de Datos personales<\/p>\n<p>2) Responder una encuesta<\/p>\n<p>3) Carga de Datos acad\u00e9micos<\/p>\n<p>IMPORTANTE: En \u00abDatos personales\u00bb deben adjuntar foto del AVAL de pertenencia a Pueblo Originario.<\/p>\n<p>Por consultas enviar mail a<\/p>\n<p>marioalbertogomez02@gmail.com<\/p>\n<p>Gomez Mario Alberto &#8211; Referente de Becas IES CIFMA<\/p>\n","protected":false},"excerpt":{"rendered":"<p>PR\u00d3RROGA DE INSCRIPCI\u00d3N HASTA EL 30 DE ABRIL La inscripci\u00f3n es a trav\u00e9s de la p\u00e1gina: www.becasprogresar.educacion.gob.ar Ingresando con su usuario y contrase\u00f1a. Consta de 3 pasos: 1) Carga de Datos personales 2) Responder una encuesta 3) Carga de Datos acad\u00e9micos IMPORTANTE: En \u00abDatos personales\u00bb deben adjuntar foto del AVAL de pertenencia a Pueblo Originario. &#8230; <a title=\"BECAS PROGRESAR 2023\" class=\"read-more\" href=\"https:\/\/cifma-cha.infd.edu.ar\/sitio\/becas-progresar-2020\/\" aria-label=\"More on BECAS PROGRESAR 2023\">[+]<\/a><\/p>\n","protected":false},"author":70,"featured_media":0,"parent":0,"menu_order":0,"comment_status":"closed","ping_status":"closed","template":"","meta":[],"acf":[],"_links":{"self":[{"href":"https:\/\/cifma-cha.infd.edu.ar\/sitio\/wp-json\/wp\/v2\/pages\/811"}],"collection":[{"href":"https:\/\/cifma-cha.infd.edu.ar\/sitio\/wp-json\/wp\/v2\/pages"}],"about":[{"href":"https:\/\/cifma-cha.infd.edu.ar\/sitio\/wp-json\/wp\/v2\/types\/page"}],"author":[{"embeddable":true,"href":"https:\/\/cifma-cha.infd.edu.ar\/sitio\/wp-json\/wp\/v2\/users\/70"}],"replies":[{"embeddable":true,"href":"https:\/\/cifma-cha.infd.edu.ar\/sitio\/wp-json\/wp\/v2\/comments?post=811"}],"version-history":[{"count":3,"href":"https:\/\/cifma-cha.infd.edu.ar\/sitio\/wp-json\/wp\/v2\/pages\/811\/revisions"}],"predecessor-version":[{"id":853,"href":"https:\/\/cifma-cha.infd.edu.ar\/sitio\/wp-json\/wp\/v2\/pages\/811\/revisions\/853"}],"wp:attachment":[{"href":"https:\/\/cifma-cha.infd.edu.ar\/sitio\/wp-json\/wp\/v2\/media?parent=811"}],"curies":[{"name":"wp","href":"https:\/\/api.w.org\/{rel}","templated":true}]}}